{"id":15,"date":"2022-01-07T12:14:27","date_gmt":"2022-01-07T12:14:27","guid":{"rendered":"http:\/\/supervalem.ee\/?post_type=product&#038;p=15"},"modified":"2022-01-31T11:32:36","modified_gmt":"2022-01-31T09:32:36","slug":"taispakett","status":"publish","type":"product","link":"https:\/\/supervalem.ee\/en\/product\/taispakett\/","title":{"rendered":"Standard"},"content":{"rendered":"<p>The Standard plan gives you access to the entire content of supervalem.ee for one year.<\/p>","protected":false},"excerpt":{"rendered":"<p>One year of supervalem.ee access<\/p>","protected":false},"featured_media":1264,"comment_status":"open","ping_status":"closed","template":"","meta":{"pmpro_default_level":"","_monsterinsights_skip_tracking":false,"_monsterinsights_sitenote_active":false,"_monsterinsights_sitenote_note":"","_monsterinsights_sitenote_category":0,"site-sidebar-layout":"default","site-content-layout":"default","ast-site-content-layout":"default","site-content-style":"default","site-sidebar-style":"default","ast-global-header-display":"","ast-banner-title-visibility":"","ast-main-header-display":"","ast-hfb-above-header-display":"","ast-hfb-below-header-display":"","ast-hfb-mobile-header-display":"","site-post-title":"","ast-breadcrumbs-content":"","ast-featured-img":"","footer-sml-layout":"","ast-disable-related-posts":"","theme-transparent-header-meta":"","adv-header-id-meta":"","stick-header-meta":"","header-above-stick-meta":"","header-main-stick-meta":"","header-below-stick-meta":"","astra-migrate-meta-layouts":"default","ast-page-background-enabled":"default","ast-page-background-meta":{"desktop":{"background-color":"","background-image":"","background-repeat":"repeat","background-position":"center center","background-size":"auto","background-attachment":"scroll","background-type":"","background-media":"","overlay-type":"","overlay-color":"","overlay-opacity":"","overlay-gradient":""},"tablet":{"background-color":"","background-image":"","background-repeat":"repeat","background-position":"center center","background-size":"auto","background-attachment":"scroll","background-type":"","background-media":"","overlay-type":"","overlay-color":"","overlay-opacity":"","overlay-gradient":""},"mobile":{"background-color":"","background-image":"","background-repeat":"repeat","background-position":"center center","background-size":"auto","background-attachment":"scroll","background-type":"","background-media":"","overlay-type":"","overlay-color":"","overlay-opacity":"","overlay-gradient":""}},"ast-content-background-meta":{"desktop":{"background-color":"var(--ast-global-color-5)","background-image":"","background-repeat":"repeat","background-position":"center center","background-size":"auto","background-attachment":"scroll","background-type":"","background-media":"","overlay-type":"","overlay-color":"","overlay-opacity":"","overlay-gradient":""},"tablet":{"background-color":"var(--ast-global-color-5)","background-image":"","background-repeat":"repeat","background-position":"center center","background-size":"auto","background-attachment":"scroll","background-type":"","background-media":"","overlay-type":"","overlay-color":"","overlay-opacity":"","overlay-gradient":""},"mobile":{"background-color":"var(--ast-global-color-5)","background-image":"","background-repeat":"repeat","background-position":"center center","background-size":"auto","background-attachment":"scroll","background-type":"","background-media":"","overlay-type":"","overlay-color":"","overlay-opacity":"","overlay-gradient":""}},"jetpack_post_was_ever_published":false},"product_brand":[],"product_cat":[15],"product_tag":[],"class_list":{"0":"post-15","1":"product","2":"type-product","3":"status-publish","4":"has-post-thumbnail","6":"product_cat-uncategorized","7":"pmpro-has-access","8":"desktop-align-left","9":"tablet-align-left","10":"mobile-align-left","12":"first","13":"instock","14":"virtual","15":"purchasable","16":"product-type-simple"},"yoast_head":"<!-- This site is optimized with the Yoast SEO plugin v27.4 - https:\/\/yoast.com\/product\/yoast-seo-wordpress\/ -->\n<title>T\u00e4ispakett - Supervalem<\/title>\n<meta name=\"robots\" content=\"index, follow, max-snippet:-1, max-image-preview:large, max-video-preview:-1\" \/>\n<link rel=\"canonical\" href=\"https:\/\/supervalem.ee\/en\/product\/taispakett\/\" \/>\n<meta property=\"og:locale\" content=\"en_GB\" \/>\n<meta property=\"og:type\" content=\"article\" \/>\n<meta property=\"og:title\" content=\"T\u00e4ispakett - Supervalem\" \/>\n<meta property=\"og:description\" content=\"Aastane supervalem.ee ligip\u00e4\u00e4s\" \/>\n<meta property=\"og:url\" content=\"https:\/\/supervalem.ee\/en\/product\/taispakett\/\" \/>\n<meta property=\"og:site_name\" content=\"Supervalem\" \/>\n<meta property=\"article:modified_time\" content=\"2022-01-31T09:32:36+00:00\" \/>\n<meta property=\"og:image\" content=\"https:\/\/i0.wp.com\/www.supervalem.ee\/wp-content\/uploads\/2022\/01\/Liitumispakett-logo.png?fit=400%2C400&ssl=1\" \/>\n\t<meta property=\"og:image:width\" content=\"400\" \/>\n\t<meta property=\"og:image:height\" content=\"400\" \/>\n\t<meta property=\"og:image:type\" content=\"image\/png\" \/>\n<meta name=\"twitter:card\" content=\"summary_large_image\" \/>\n<script type=\"application\/ld+json\" class=\"yoast-schema-graph\">{\"@context\":\"https:\\\/\\\/schema.org\",\"@graph\":[{\"@type\":\"WebPage\",\"@id\":\"https:\\\/\\\/supervalem.ee\\\/product\\\/taispakett\\\/\",\"url\":\"https:\\\/\\\/supervalem.ee\\\/product\\\/taispakett\\\/\",\"name\":\"T\u00e4ispakett - Supervalem\",\"isPartOf\":{\"@id\":\"https:\\\/\\\/supervalem.ee\\\/#website\"},\"primaryImageOfPage\":{\"@id\":\"https:\\\/\\\/supervalem.ee\\\/product\\\/taispakett\\\/#primaryimage\"},\"image\":{\"@id\":\"https:\\\/\\\/supervalem.ee\\\/product\\\/taispakett\\\/#primaryimage\"},\"thumbnailUrl\":\"https:\\\/\\\/i0.wp.com\\\/www.supervalem.ee\\\/wp-content\\\/uploads\\\/2022\\\/01\\\/Liitumispakett-logo.png?fit=400%2C400&ssl=1\",\"datePublished\":\"2022-01-07T12:14:27+00:00\",\"dateModified\":\"2022-01-31T09:32:36+00:00\",\"breadcrumb\":{\"@id\":\"https:\\\/\\\/supervalem.ee\\\/product\\\/taispakett\\\/#breadcrumb\"},\"inLanguage\":\"en-GB\",\"potentialAction\":[{\"@type\":\"ReadAction\",\"target\":[\"https:\\\/\\\/supervalem.ee\\\/product\\\/taispakett\\\/\"]}]},{\"@type\":\"ImageObject\",\"inLanguage\":\"en-GB\",\"@id\":\"https:\\\/\\\/supervalem.ee\\\/product\\\/taispakett\\\/#primaryimage\",\"url\":\"https:\\\/\\\/i0.wp.com\\\/www.supervalem.ee\\\/wp-content\\\/uploads\\\/2022\\\/01\\\/Liitumispakett-logo.png?fit=400%2C400&ssl=1\",\"contentUrl\":\"https:\\\/\\\/i0.wp.com\\\/www.supervalem.ee\\\/wp-content\\\/uploads\\\/2022\\\/01\\\/Liitumispakett-logo.png?fit=400%2C400&ssl=1\",\"width\":400,\"height\":400},{\"@type\":\"BreadcrumbList\",\"@id\":\"https:\\\/\\\/supervalem.ee\\\/product\\\/taispakett\\\/#breadcrumb\",\"itemListElement\":[{\"@type\":\"ListItem\",\"position\":1,\"name\":\"Home\",\"item\":\"https:\\\/\\\/supervalem.ee\\\/\"},{\"@type\":\"ListItem\",\"position\":2,\"name\":\"Pood\",\"item\":\"https:\\\/\\\/supervalem.ee\\\/pood\\\/\"},{\"@type\":\"ListItem\",\"position\":3,\"name\":\"T\u00e4ispakett\"}]},{\"@type\":\"WebSite\",\"@id\":\"https:\\\/\\\/supervalem.ee\\\/#website\",\"url\":\"https:\\\/\\\/supervalem.ee\\\/\",\"name\":\"Supervalem\",\"description\":\"T\u00f6\u00f6riist Balti b\u00f6rsilt parimate aktsiate leidmiseks\",\"publisher\":{\"@id\":\"https:\\\/\\\/supervalem.ee\\\/#organization\"},\"potentialAction\":[{\"@type\":\"SearchAction\",\"target\":{\"@type\":\"EntryPoint\",\"urlTemplate\":\"https:\\\/\\\/supervalem.ee\\\/?s={search_term_string}\"},\"query-input\":{\"@type\":\"PropertyValueSpecification\",\"valueRequired\":true,\"valueName\":\"search_term_string\"}}],\"inLanguage\":\"en-GB\"},{\"@type\":\"Organization\",\"@id\":\"https:\\\/\\\/supervalem.ee\\\/#organization\",\"name\":\"Supervalem\",\"url\":\"https:\\\/\\\/supervalem.ee\\\/\",\"logo\":{\"@type\":\"ImageObject\",\"inLanguage\":\"en-GB\",\"@id\":\"https:\\\/\\\/supervalem.ee\\\/#\\\/schema\\\/logo\\\/image\\\/\",\"url\":\"https:\\\/\\\/i0.wp.com\\\/www.supervalem.ee\\\/wp-content\\\/uploads\\\/2022\\\/01\\\/271388953_352891086226864_5891126610765131982_n.png?fit=1447%2C403&ssl=1\",\"contentUrl\":\"https:\\\/\\\/i0.wp.com\\\/www.supervalem.ee\\\/wp-content\\\/uploads\\\/2022\\\/01\\\/271388953_352891086226864_5891126610765131982_n.png?fit=1447%2C403&ssl=1\",\"width\":1447,\"height\":403,\"caption\":\"Supervalem\"},\"image\":{\"@id\":\"https:\\\/\\\/supervalem.ee\\\/#\\\/schema\\\/logo\\\/image\\\/\"}}]}<\/script>\n<!-- \/ Yoast SEO plugin. -->","yoast_head_json":{"title":"T\u00e4ispakett - Supervalem","robots":{"index":"index","follow":"follow","max-snippet":"max-snippet:-1","max-image-preview":"max-image-preview:large","max-video-preview":"max-video-preview:-1"},"canonical":"https:\/\/supervalem.ee\/en\/product\/taispakett\/","og_locale":"en_GB","og_type":"article","og_title":"T\u00e4ispakett - Supervalem","og_description":"Aastane supervalem.ee ligip\u00e4\u00e4s","og_url":"https:\/\/supervalem.ee\/en\/product\/taispakett\/","og_site_name":"Supervalem","article_modified_time":"2022-01-31T09:32:36+00:00","og_image":[{"width":400,"height":400,"url":"https:\/\/i0.wp.com\/www.supervalem.ee\/wp-content\/uploads\/2022\/01\/Liitumispakett-logo.png?fit=400%2C400&ssl=1","type":"image\/png"}],"twitter_card":"summary_large_image","schema":{"@context":"https:\/\/schema.org","@graph":[{"@type":"WebPage","@id":"https:\/\/supervalem.ee\/product\/taispakett\/","url":"https:\/\/supervalem.ee\/product\/taispakett\/","name":"T\u00e4ispakett - Supervalem","isPartOf":{"@id":"https:\/\/supervalem.ee\/#website"},"primaryImageOfPage":{"@id":"https:\/\/supervalem.ee\/product\/taispakett\/#primaryimage"},"image":{"@id":"https:\/\/supervalem.ee\/product\/taispakett\/#primaryimage"},"thumbnailUrl":"https:\/\/i0.wp.com\/www.supervalem.ee\/wp-content\/uploads\/2022\/01\/Liitumispakett-logo.png?fit=400%2C400&ssl=1","datePublished":"2022-01-07T12:14:27+00:00","dateModified":"2022-01-31T09:32:36+00:00","breadcrumb":{"@id":"https:\/\/supervalem.ee\/product\/taispakett\/#breadcrumb"},"inLanguage":"en-GB","potentialAction":[{"@type":"ReadAction","target":["https:\/\/supervalem.ee\/product\/taispakett\/"]}]},{"@type":"ImageObject","inLanguage":"en-GB","@id":"https:\/\/supervalem.ee\/product\/taispakett\/#primaryimage","url":"https:\/\/i0.wp.com\/www.supervalem.ee\/wp-content\/uploads\/2022\/01\/Liitumispakett-logo.png?fit=400%2C400&ssl=1","contentUrl":"https:\/\/i0.wp.com\/www.supervalem.ee\/wp-content\/uploads\/2022\/01\/Liitumispakett-logo.png?fit=400%2C400&ssl=1","width":400,"height":400},{"@type":"BreadcrumbList","@id":"https:\/\/supervalem.ee\/product\/taispakett\/#breadcrumb","itemListElement":[{"@type":"ListItem","position":1,"name":"Home","item":"https:\/\/supervalem.ee\/"},{"@type":"ListItem","position":2,"name":"Pood","item":"https:\/\/supervalem.ee\/pood\/"},{"@type":"ListItem","position":3,"name":"T\u00e4ispakett"}]},{"@type":"WebSite","@id":"https:\/\/supervalem.ee\/#website","url":"https:\/\/supervalem.ee\/","name":"Supervalem","description":"T\u00f6\u00f6riist Balti b\u00f6rsilt parimate aktsiate leidmiseks","publisher":{"@id":"https:\/\/supervalem.ee\/#organization"},"potentialAction":[{"@type":"SearchAction","target":{"@type":"EntryPoint","urlTemplate":"https:\/\/supervalem.ee\/?s={search_term_string}"},"query-input":{"@type":"PropertyValueSpecification","valueRequired":true,"valueName":"search_term_string"}}],"inLanguage":"en-GB"},{"@type":"Organization","@id":"https:\/\/supervalem.ee\/#organization","name":"Supervalem","url":"https:\/\/supervalem.ee\/","logo":{"@type":"ImageObject","inLanguage":"en-GB","@id":"https:\/\/supervalem.ee\/#\/schema\/logo\/image\/","url":"https:\/\/i0.wp.com\/www.supervalem.ee\/wp-content\/uploads\/2022\/01\/271388953_352891086226864_5891126610765131982_n.png?fit=1447%2C403&ssl=1","contentUrl":"https:\/\/i0.wp.com\/www.supervalem.ee\/wp-content\/uploads\/2022\/01\/271388953_352891086226864_5891126610765131982_n.png?fit=1447%2C403&ssl=1","width":1447,"height":403,"caption":"Supervalem"},"image":{"@id":"https:\/\/supervalem.ee\/#\/schema\/logo\/image\/"}}]}},"jetpack_sharing_enabled":true,"_links":{"self":[{"href":"https:\/\/supervalem.ee\/en\/wp-json\/wp\/v2\/product\/15","targetHints":{"allow":["GET"]}}],"collection":[{"href":"https:\/\/supervalem.ee\/en\/wp-json\/wp\/v2\/product"}],"about":[{"href":"https:\/\/supervalem.ee\/en\/wp-json\/wp\/v2\/types\/product"}],"replies":[{"embeddable":true,"href":"https:\/\/supervalem.ee\/en\/wp-json\/wp\/v2\/comments?post=15"}],"wp:featuredmedia":[{"embeddable":true,"href":"https:\/\/supervalem.ee\/en\/wp-json\/wp\/v2\/media\/1264"}],"wp:attachment":[{"href":"https:\/\/supervalem.ee\/en\/wp-json\/wp\/v2\/media?parent=15"}],"wp:term":[{"taxonomy":"product_brand","embeddable":true,"href":"https:\/\/supervalem.ee\/en\/wp-json\/wp\/v2\/product_brand?post=15"},{"taxonomy":"product_cat","embeddable":true,"href":"https:\/\/supervalem.ee\/en\/wp-json\/wp\/v2\/product_cat?post=15"},{"taxonomy":"product_tag","embeddable":true,"href":"https:\/\/supervalem.ee\/en\/wp-json\/wp\/v2\/product_tag?post=15"}],"curies":[{"name":"wp","href":"https:\/\/api.w.org\/{rel}","templated":true}]}}