{"id":9,"date":"2022-01-07T19:04:40","date_gmt":"2022-01-07T17:04:40","guid":{"rendered":"http:\/\/supervalem.ee\/?page_id=9"},"modified":"2022-01-10T09:16:01","modified_gmt":"2022-01-10T07:16:01","slug":"raha-tagasi-garantii","status":"publish","type":"page","link":"https:\/\/supervalem.ee\/en\/raha-tagasi-garantii\/","title":{"rendered":"Money-back guarantee"},"content":{"rendered":"<div class=\"wp-block-cover alignfull has-ast-global-color-1-background-color has-background-dim\" style=\"min-height:100px;aspect-ratio:unset;\"><div class=\"wp-block-cover__inner-container is-layout-flow wp-block-cover-is-layout-flow\">\n<h1 class=\"wp-block-heading\"><span class=\"has-inline-color has-ast-global-color-4-color\">Money-back guarantee<\/span><\/h1>\n<\/div><\/div>\n\n\n\n<p>Your satisfaction is very important to us, which is why our refund policy is very simple.<\/p>\n\n\n\n<h5 class=\"wp-block-heading\">Full money back guarantee within the first 14 days<\/h5>\n\n\n\n<p>You can cancel your subscription for a full refund within 14 days of purchasing your subscription.<\/p>\n\n\n\n<h5 class=\"wp-block-heading\">Partial money back guarantee after the first 14 days<\/h5>\n\n\n\n<p>If you cancel your subscription after the first 14 days of purchasing your subscription, you will be entitled to a refund of the proportion of the subscription price corresponding to the unused subscription period.<\/p>\n\n\n\n<p>To get your money back, simply send us an email with your request (you don't even need to justify your request) to info@supervalem.ee.<\/p>\n\n\n\n<p>We will refund your money within 5-10 working days of receiving your request for a refund.<\/p>","protected":false},"excerpt":{"rendered":"<p>Meile on teie rahulolu v\u00e4ga t\u00e4htis, seet\u00f5ttu on raha tagastamise tingimused v\u00e4ga lihtsad. Kogu raha tagasi garantii esimese 14 p\u00e4eva jooksul Te v\u00f5ite l\u00f5petada oma liitumispaketi kogu raha tagasi saamiseks 14 p\u00e4eva jooksul alates liitumispaketi ostmisest. Osa raha tagasi garantii p\u00e4rast esimese 14 p\u00e4eva m\u00f6\u00f6dumist Kui l\u00f5petate oma liitumispaketi p\u00e4rast esimese 14 p\u00e4eva m\u00f6\u00f6dumist liitumispaketi [&hellip;]<\/p>\n","protected":false},"author":1,"featured_media":0,"parent":0,"menu_order":0,"comment_status":"closed","ping_status":"closed","template":"","meta":{"pmpro_default_level":"0","_monsterinsights_skip_tracking":false,"_monsterinsights_sitenote_active":false,"_monsterinsights_sitenote_note":"","_monsterinsights_sitenote_category":0,"site-sidebar-layout":"default","site-content-layout":"plain-container","ast-site-content-layout":"default","site-content-style":"default","site-sidebar-style":"default","ast-global-header-display":"","ast-banner-title-visibility":"","ast-main-header-display":"","ast-hfb-above-header-display":"","ast-hfb-below-header-display":"","ast-hfb-mobile-header-display":"","site-post-title":"disabled","ast-breadcrumbs-content":"","ast-featured-img":"","footer-sml-layout":"","ast-disable-related-posts":"","theme-transparent-header-meta":"disabled","adv-header-id-meta":"","stick-header-meta":"","header-above-stick-meta":"","header-main-stick-meta":"","header-below-stick-meta":"","astra-migrate-meta-layouts":"default","ast-page-background-enabled":"default","ast-page-background-meta":{"desktop":{"background-color":"","background-image":"","background-repeat":"repeat","background-position":"center center","background-size":"auto","background-attachment":"scroll","background-type":"","background-media":"","overlay-type":"","overlay-color":"","overlay-opacity":"","overlay-gradient":""},"tablet":{"background-color":"","background-image":"","background-repeat":"repeat","background-position":"center center","background-size":"auto","background-attachment":"scroll","background-type":"","background-media":"","overlay-type":"","overlay-color":"","overlay-opacity":"","overlay-gradient":""},"mobile":{"background-color":"","background-image":"","background-repeat":"repeat","background-position":"center center","background-size":"auto","background-attachment":"scroll","background-type":"","background-media":"","overlay-type":"","overlay-color":"","overlay-opacity":"","overlay-gradient":""}},"ast-content-background-meta":{"desktop":{"background-color":"var(--ast-global-color-5)","background-image":"","background-repeat":"repeat","background-position":"center center","background-size":"auto","background-attachment":"scroll","background-type":"","background-media":"","overlay-type":"","overlay-color":"","overlay-opacity":"","overlay-gradient":""},"tablet":{"background-color":"var(--ast-global-color-5)","background-image":"","background-repeat":"repeat","background-position":"center center","background-size":"auto","background-attachment":"scroll","background-type":"","background-media":"","overlay-type":"","overlay-color":"","overlay-opacity":"","overlay-gradient":""},"mobile":{"background-color":"var(--ast-global-color-5)","background-image":"","background-repeat":"repeat","background-position":"center center","background-size":"auto","background-attachment":"scroll","background-type":"","background-media":"","overlay-type":"","overlay-color":"","overlay-opacity":"","overlay-gradient":""}},"jetpack_post_was_ever_published":false,"footnotes":""},"class_list":["post-9","page","type-page","status-publish","hentry","pmpro-has-access"],"yoast_head":"<!-- This site is optimized with the Yoast SEO plugin v27.5 - https:\/\/yoast.com\/product\/yoast-seo-wordpress\/ -->\n<title>Raha tagasi garantii - Supervalem<\/title>\n<meta name=\"robots\" content=\"index, follow, max-snippet:-1, max-image-preview:large, max-video-preview:-1\" \/>\n<link rel=\"canonical\" href=\"https:\/\/www.supervalem.ee\/en\/raha-tagasi-garantii\/\" \/>\n<meta property=\"og:locale\" content=\"en_GB\" \/>\n<meta property=\"og:type\" content=\"article\" \/>\n<meta property=\"og:title\" content=\"Raha tagasi garantii - Supervalem\" \/>\n<meta property=\"og:description\" content=\"Meile on teie rahulolu v\u00e4ga t\u00e4htis, seet\u00f5ttu on raha tagastamise tingimused v\u00e4ga lihtsad. Kogu raha tagasi garantii esimese 14 p\u00e4eva jooksul Te v\u00f5ite l\u00f5petada oma liitumispaketi kogu raha tagasi saamiseks 14 p\u00e4eva jooksul alates liitumispaketi ostmisest. Osa raha tagasi garantii p\u00e4rast esimese 14 p\u00e4eva m\u00f6\u00f6dumist Kui l\u00f5petate oma liitumispaketi p\u00e4rast esimese 14 p\u00e4eva m\u00f6\u00f6dumist liitumispaketi [&hellip;]\" \/>\n<meta property=\"og:url\" content=\"https:\/\/www.supervalem.ee\/en\/raha-tagasi-garantii\/\" \/>\n<meta property=\"og:site_name\" content=\"Supervalem\" \/>\n<meta property=\"article:modified_time\" content=\"2022-01-10T07:16:01+00:00\" \/>\n<meta name=\"twitter:card\" content=\"summary_large_image\" \/>\n<meta name=\"twitter:label1\" content=\"Estimated reading time\" \/>\n\t<meta name=\"twitter:data1\" content=\"1 minute\" \/>\n<script type=\"application\/ld+json\" class=\"yoast-schema-graph\">{\"@context\":\"https:\\\/\\\/schema.org\",\"@graph\":[{\"@type\":\"WebPage\",\"@id\":\"https:\\\/\\\/www.supervalem.ee\\\/en\\\/raha-tagasi-garantii\\\/\",\"url\":\"https:\\\/\\\/www.supervalem.ee\\\/en\\\/raha-tagasi-garantii\\\/\",\"name\":\"Raha tagasi garantii - Supervalem\",\"isPartOf\":{\"@id\":\"https:\\\/\\\/supervalem.ee\\\/#website\"},\"datePublished\":\"2022-01-07T17:04:40+00:00\",\"dateModified\":\"2022-01-10T07:16:01+00:00\",\"breadcrumb\":{\"@id\":\"https:\\\/\\\/www.supervalem.ee\\\/en\\\/raha-tagasi-garantii\\\/#breadcrumb\"},\"inLanguage\":\"en-GB\",\"potentialAction\":[{\"@type\":\"ReadAction\",\"target\":[\"https:\\\/\\\/www.supervalem.ee\\\/en\\\/raha-tagasi-garantii\\\/\"]}]},{\"@type\":\"BreadcrumbList\",\"@id\":\"https:\\\/\\\/www.supervalem.ee\\\/en\\\/raha-tagasi-garantii\\\/#breadcrumb\",\"itemListElement\":[{\"@type\":\"ListItem\",\"position\":1,\"name\":\"Home\",\"item\":\"https:\\\/\\\/supervalem.ee\\\/\"},{\"@type\":\"ListItem\",\"position\":2,\"name\":\"Raha tagasi garantii\"}]},{\"@type\":\"WebSite\",\"@id\":\"https:\\\/\\\/supervalem.ee\\\/#website\",\"url\":\"https:\\\/\\\/supervalem.ee\\\/\",\"name\":\"Supervalem\",\"description\":\"T\u00f6\u00f6riist Balti b\u00f6rsilt parimate aktsiate leidmiseks\",\"publisher\":{\"@id\":\"https:\\\/\\\/supervalem.ee\\\/#organization\"},\"potentialAction\":[{\"@type\":\"SearchAction\",\"target\":{\"@type\":\"EntryPoint\",\"urlTemplate\":\"https:\\\/\\\/supervalem.ee\\\/?s={search_term_string}\"},\"query-input\":{\"@type\":\"PropertyValueSpecification\",\"valueRequired\":true,\"valueName\":\"search_term_string\"}}],\"inLanguage\":\"en-GB\"},{\"@type\":\"Organization\",\"@id\":\"https:\\\/\\\/supervalem.ee\\\/#organization\",\"name\":\"Supervalem\",\"url\":\"https:\\\/\\\/supervalem.ee\\\/\",\"logo\":{\"@type\":\"ImageObject\",\"inLanguage\":\"en-GB\",\"@id\":\"https:\\\/\\\/supervalem.ee\\\/#\\\/schema\\\/logo\\\/image\\\/\",\"url\":\"https:\\\/\\\/i0.wp.com\\\/supervalem.ee\\\/wp-content\\\/uploads\\\/2022\\\/01\\\/271388953_352891086226864_5891126610765131982_n.png?fit=1447%2C403&ssl=1\",\"contentUrl\":\"https:\\\/\\\/i0.wp.com\\\/supervalem.ee\\\/wp-content\\\/uploads\\\/2022\\\/01\\\/271388953_352891086226864_5891126610765131982_n.png?fit=1447%2C403&ssl=1\",\"width\":1447,\"height\":403,\"caption\":\"Supervalem\"},\"image\":{\"@id\":\"https:\\\/\\\/supervalem.ee\\\/#\\\/schema\\\/logo\\\/image\\\/\"}}]}<\/script>\n<!-- \/ Yoast SEO plugin. -->","yoast_head_json":{"title":"Raha tagasi garantii - Supervalem","robots":{"index":"index","follow":"follow","max-snippet":"max-snippet:-1","max-image-preview":"max-image-preview:large","max-video-preview":"max-video-preview:-1"},"canonical":"https:\/\/www.supervalem.ee\/en\/raha-tagasi-garantii\/","og_locale":"en_GB","og_type":"article","og_title":"Raha tagasi garantii - Supervalem","og_description":"Meile on teie rahulolu v\u00e4ga t\u00e4htis, seet\u00f5ttu on raha tagastamise tingimused v\u00e4ga lihtsad. Kogu raha tagasi garantii esimese 14 p\u00e4eva jooksul Te v\u00f5ite l\u00f5petada oma liitumispaketi kogu raha tagasi saamiseks 14 p\u00e4eva jooksul alates liitumispaketi ostmisest. Osa raha tagasi garantii p\u00e4rast esimese 14 p\u00e4eva m\u00f6\u00f6dumist Kui l\u00f5petate oma liitumispaketi p\u00e4rast esimese 14 p\u00e4eva m\u00f6\u00f6dumist liitumispaketi [&hellip;]","og_url":"https:\/\/www.supervalem.ee\/en\/raha-tagasi-garantii\/","og_site_name":"Supervalem","article_modified_time":"2022-01-10T07:16:01+00:00","twitter_card":"summary_large_image","twitter_misc":{"Estimated reading time":"1 minute"},"schema":{"@context":"https:\/\/schema.org","@graph":[{"@type":"WebPage","@id":"https:\/\/www.supervalem.ee\/en\/raha-tagasi-garantii\/","url":"https:\/\/www.supervalem.ee\/en\/raha-tagasi-garantii\/","name":"Raha tagasi garantii - Supervalem","isPartOf":{"@id":"https:\/\/supervalem.ee\/#website"},"datePublished":"2022-01-07T17:04:40+00:00","dateModified":"2022-01-10T07:16:01+00:00","breadcrumb":{"@id":"https:\/\/www.supervalem.ee\/en\/raha-tagasi-garantii\/#breadcrumb"},"inLanguage":"en-GB","potentialAction":[{"@type":"ReadAction","target":["https:\/\/www.supervalem.ee\/en\/raha-tagasi-garantii\/"]}]},{"@type":"BreadcrumbList","@id":"https:\/\/www.supervalem.ee\/en\/raha-tagasi-garantii\/#breadcrumb","itemListElement":[{"@type":"ListItem","position":1,"name":"Home","item":"https:\/\/supervalem.ee\/"},{"@type":"ListItem","position":2,"name":"Raha tagasi garantii"}]},{"@type":"WebSite","@id":"https:\/\/supervalem.ee\/#website","url":"https:\/\/supervalem.ee\/","name":"Supervalem","description":"T\u00f6\u00f6riist Balti b\u00f6rsilt parimate aktsiate leidmiseks","publisher":{"@id":"https:\/\/supervalem.ee\/#organization"},"potentialAction":[{"@type":"SearchAction","target":{"@type":"EntryPoint","urlTemplate":"https:\/\/supervalem.ee\/?s={search_term_string}"},"query-input":{"@type":"PropertyValueSpecification","valueRequired":true,"valueName":"search_term_string"}}],"inLanguage":"en-GB"},{"@type":"Organization","@id":"https:\/\/supervalem.ee\/#organization","name":"Supervalem","url":"https:\/\/supervalem.ee\/","logo":{"@type":"ImageObject","inLanguage":"en-GB","@id":"https:\/\/supervalem.ee\/#\/schema\/logo\/image\/","url":"https:\/\/i0.wp.com\/supervalem.ee\/wp-content\/uploads\/2022\/01\/271388953_352891086226864_5891126610765131982_n.png?fit=1447%2C403&ssl=1","contentUrl":"https:\/\/i0.wp.com\/supervalem.ee\/wp-content\/uploads\/2022\/01\/271388953_352891086226864_5891126610765131982_n.png?fit=1447%2C403&ssl=1","width":1447,"height":403,"caption":"Supervalem"},"image":{"@id":"https:\/\/supervalem.ee\/#\/schema\/logo\/image\/"}}]}},"jetpack_sharing_enabled":true,"_links":{"self":[{"href":"https:\/\/supervalem.ee\/en\/wp-json\/wp\/v2\/pages\/9","targetHints":{"allow":["GET"]}}],"collection":[{"href":"https:\/\/supervalem.ee\/en\/wp-json\/wp\/v2\/pages"}],"about":[{"href":"https:\/\/supervalem.ee\/en\/wp-json\/wp\/v2\/types\/page"}],"author":[{"embeddable":true,"href":"https:\/\/supervalem.ee\/en\/wp-json\/wp\/v2\/users\/1"}],"replies":[{"embeddable":true,"href":"https:\/\/supervalem.ee\/en\/wp-json\/wp\/v2\/comments?post=9"}],"version-history":[{"count":3,"href":"https:\/\/supervalem.ee\/en\/wp-json\/wp\/v2\/pages\/9\/revisions"}],"predecessor-version":[{"id":1167,"href":"https:\/\/supervalem.ee\/en\/wp-json\/wp\/v2\/pages\/9\/revisions\/1167"}],"wp:attachment":[{"href":"https:\/\/supervalem.ee\/en\/wp-json\/wp\/v2\/media?parent=9"}],"curies":[{"name":"wp","href":"https:\/\/api.w.org\/{rel}","templated":true}]}}