{"id":2,"date":"2022-01-07T11:26:36","date_gmt":"2022-01-07T11:26:36","guid":{"rendered":"http:\/\/supervalem.ee\/?page_id=2"},"modified":"2022-01-10T09:13:29","modified_gmt":"2022-01-10T07:13:29","slug":"myygitingimused","status":"publish","type":"page","link":"https:\/\/supervalem.ee\/en\/myygitingimused\/","title":{"rendered":"Terms and conditions"},"content":{"rendered":"<div class=\"wp-block-cover alignfull has-ast-global-color-1-background-color has-background-dim\" style=\"min-height:100px;aspect-ratio:unset;\"><div class=\"wp-block-cover__inner-container is-layout-flow wp-block-cover-is-layout-flow\">\n<h1 class=\"wp-block-heading\"><span class=\"has-inline-color has-ast-global-color-4-color\">Terms and conditions<\/span><\/h1>\n<\/div><\/div>\n\n\n\n<p>The owner of the SUPERVALEM.EE online shop (hereinafter referred to as the Online Shop) is Supervalem O\u00dc.<strong><em> (registration No 16389247<\/em><\/strong>), Location Pari, Padari village P\u00f5lva municipality P\u00f5lva county 63609. <\/p>\n\n\n\n<h5 class=\"wp-block-heading\">Validity of the sales contract, product information and price information<\/h5>\n\n\n\n<p>The terms and conditions of sale apply to the purchase of goods from the Online Shop.<br>The prices of products sold in the Online Shop are indicated with the products. <br>Information about the goods is given directly next to the goods in the Online Shop.<\/p>\n\n\n\n<h5 class=\"wp-block-heading\">Placing an order<\/h5>\n\n\n\n<p>To order, you must add the products you want to your shopping cart. In order to place an order, you must fill in the required fields. The amount of the charge will then be displayed<br>on the screen, which can be paid via the bank payment link.<br>The contract will take effect from the moment the amount due is credited to the account of the Online Shop.<br>In the event that the goods ordered cannot be delivered due to technical problems or for any other reason, the buyer will be informed as soon as possible and the money paid will be refunded, normally within 1-2 working days. Depending on the payment method, the receipt may take up to 7 working days.<\/p>\n\n\n\n<h5 class=\"wp-block-heading\">Right of withdrawal<\/h5>\n\n\n\n<p class=\"translation-block\">After receipt of the order, the buyer has the right to withdraw from the contract concluded in the e-shop within 14 days.<br>To return the goods, a free-form withdrawal form must be sent to the e-mail address info@supervalem.ee within 14 days of receipt of the goods at the latest<br>. The online shop will then immediately, but not later than 14 days after receipt of the withdrawal notice, reimburse the buyer for all payments received from the buyer under the contract. The right of withdrawal may be exercised by the buyer only once. Repeated applications for the right of withdrawal will not be accepted. The buyer may withdraw from the goods even after 14 days from the date of purchase. In this case, a part of the purchase price corresponding to the unused period will be refunded. The money will be refunded to the same bank account from which the purchase was made.<\/p>\n\n\n\n<h5 class=\"wp-block-heading\">Settlement of disputes<\/h5>\n\n\n\n<p>If the buyer has any complaints about the Online Shop, they should be sent by e-mail to info@supervalem.ee.<\/p>","protected":false},"excerpt":{"rendered":"<p>Veebipoe SUPERVALEM.EE (edaspidi Veebipood) omanik on Supervalem O\u00dc (registrikood 16389247), Asukohaga Pari, Padari k\u00fcla P\u00f5lva vald P\u00f5lva maakond 63609. M\u00fc\u00fcgilepingu kehtivus, kauba- ja hinnainfo M\u00fc\u00fcgitingimused kehtivad Veebipoest kaupade ostmisel.Veebipoes m\u00fc\u00fcdavate toodete hinnad on m\u00e4rgitud toodete juurde. Teave kauba kohta on esitatud Veebipoes vahetult kauba juures. Tellimuse vormistamine Kauba tellimiseks tuleb lisada soovitud tooted ostukorvi. Tellimuse [&hellip;]<\/p>\n","protected":false},"author":1,"featured_media":0,"parent":0,"menu_order":0,"comment_status":"closed","ping_status":"open","template":"","meta":{"pmpro_default_level":"0","_monsterinsights_skip_tracking":false,"_monsterinsights_sitenote_active":false,"_monsterinsights_sitenote_note":"","_monsterinsights_sitenote_category":0,"site-sidebar-layout":"default","site-content-layout":"plain-container","ast-site-content-layout":"default","site-content-style":"default","site-sidebar-style":"default","ast-global-header-display":"","ast-banner-title-visibility":"","ast-main-header-display":"","ast-hfb-above-header-display":"","ast-hfb-below-header-display":"","ast-hfb-mobile-header-display":"","site-post-title":"disabled","ast-breadcrumbs-content":"","ast-featured-img":"","footer-sml-layout":"","ast-disable-related-posts":"","theme-transparent-header-meta":"disabled","adv-header-id-meta":"","stick-header-meta":"","header-above-stick-meta":"","header-main-stick-meta":"","header-below-stick-meta":"","astra-migrate-meta-layouts":"default","ast-page-background-enabled":"default","ast-page-background-meta":{"desktop":{"background-color":"","background-image":"","background-repeat":"repeat","background-position":"center center","background-size":"auto","background-attachment":"scroll","background-type":"","background-media":"","overlay-type":"","overlay-color":"","overlay-opacity":"","overlay-gradient":""},"tablet":{"background-color":"","background-image":"","background-repeat":"repeat","background-position":"center center","background-size":"auto","background-attachment":"scroll","background-type":"","background-media":"","overlay-type":"","overlay-color":"","overlay-opacity":"","overlay-gradient":""},"mobile":{"background-color":"","background-image":"","background-repeat":"repeat","background-position":"center center","background-size":"auto","background-attachment":"scroll","background-type":"","background-media":"","overlay-type":"","overlay-color":"","overlay-opacity":"","overlay-gradient":""}},"ast-content-background-meta":{"desktop":{"background-color":"var(--ast-global-color-5)","background-image":"","background-repeat":"repeat","background-position":"center center","background-size":"auto","background-attachment":"scroll","background-type":"","background-media":"","overlay-type":"","overlay-color":"","overlay-opacity":"","overlay-gradient":""},"tablet":{"background-color":"var(--ast-global-color-5)","background-image":"","background-repeat":"repeat","background-position":"center center","background-size":"auto","background-attachment":"scroll","background-type":"","background-media":"","overlay-type":"","overlay-color":"","overlay-opacity":"","overlay-gradient":""},"mobile":{"background-color":"var(--ast-global-color-5)","background-image":"","background-repeat":"repeat","background-position":"center center","background-size":"auto","background-attachment":"scroll","background-type":"","background-media":"","overlay-type":"","overlay-color":"","overlay-opacity":"","overlay-gradient":""}},"jetpack_post_was_ever_published":false,"footnotes":""},"class_list":["post-2","page","type-page","status-publish","hentry","pmpro-has-access"],"yoast_head":"<!-- This site is optimized with the Yoast SEO plugin v27.4 - https:\/\/yoast.com\/product\/yoast-seo-wordpress\/ -->\n<title>M\u00fc\u00fcgitingimused - Supervalem<\/title>\n<meta name=\"robots\" content=\"index, follow, max-snippet:-1, max-image-preview:large, max-video-preview:-1\" \/>\n<link rel=\"canonical\" href=\"https:\/\/supervalem.ee\/en\/myygitingimused\/\" \/>\n<meta property=\"og:locale\" content=\"en_GB\" \/>\n<meta property=\"og:type\" content=\"article\" \/>\n<meta property=\"og:title\" content=\"M\u00fc\u00fcgitingimused - Supervalem\" \/>\n<meta property=\"og:description\" content=\"Veebipoe SUPERVALEM.EE (edaspidi Veebipood) omanik on Supervalem O\u00dc (registrikood 16389247), Asukohaga Pari, Padari k\u00fcla P\u00f5lva vald P\u00f5lva maakond 63609. M\u00fc\u00fcgilepingu kehtivus, kauba- ja hinnainfo M\u00fc\u00fcgitingimused kehtivad Veebipoest kaupade ostmisel.Veebipoes m\u00fc\u00fcdavate toodete hinnad on m\u00e4rgitud toodete juurde. Teave kauba kohta on esitatud Veebipoes vahetult kauba juures. Tellimuse vormistamine Kauba tellimiseks tuleb lisada soovitud tooted ostukorvi. Tellimuse [&hellip;]\" \/>\n<meta property=\"og:url\" content=\"https:\/\/supervalem.ee\/en\/myygitingimused\/\" \/>\n<meta property=\"og:site_name\" content=\"Supervalem\" \/>\n<meta property=\"article:modified_time\" content=\"2022-01-10T07:13:29+00:00\" \/>\n<meta name=\"twitter:card\" content=\"summary_large_image\" \/>\n<meta name=\"twitter:label1\" content=\"Estimated reading time\" \/>\n\t<meta name=\"twitter:data1\" content=\"2 minutes\" \/>\n<script type=\"application\/ld+json\" class=\"yoast-schema-graph\">{\"@context\":\"https:\\\/\\\/schema.org\",\"@graph\":[{\"@type\":\"WebPage\",\"@id\":\"https:\\\/\\\/supervalem.ee\\\/en\\\/myygitingimused\\\/\",\"url\":\"https:\\\/\\\/supervalem.ee\\\/en\\\/myygitingimused\\\/\",\"name\":\"M\u00fc\u00fcgitingimused - Supervalem\",\"isPartOf\":{\"@id\":\"https:\\\/\\\/www.supervalem.ee\\\/#website\"},\"datePublished\":\"2022-01-07T11:26:36+00:00\",\"dateModified\":\"2022-01-10T07:13:29+00:00\",\"breadcrumb\":{\"@id\":\"https:\\\/\\\/supervalem.ee\\\/en\\\/myygitingimused\\\/#breadcrumb\"},\"inLanguage\":\"en-GB\",\"potentialAction\":[{\"@type\":\"ReadAction\",\"target\":[\"https:\\\/\\\/supervalem.ee\\\/en\\\/myygitingimused\\\/\"]}]},{\"@type\":\"BreadcrumbList\",\"@id\":\"https:\\\/\\\/supervalem.ee\\\/en\\\/myygitingimused\\\/#breadcrumb\",\"itemListElement\":[{\"@type\":\"ListItem\",\"position\":1,\"name\":\"Home\",\"item\":\"https:\\\/\\\/www.supervalem.ee\\\/\"},{\"@type\":\"ListItem\",\"position\":2,\"name\":\"M\u00fc\u00fcgitingimused\"}]},{\"@type\":\"WebSite\",\"@id\":\"https:\\\/\\\/www.supervalem.ee\\\/#website\",\"url\":\"https:\\\/\\\/www.supervalem.ee\\\/\",\"name\":\"Supervalem\",\"description\":\"T\u00f6\u00f6riist Balti b\u00f6rsilt parimate aktsiate leidmiseks\",\"publisher\":{\"@id\":\"https:\\\/\\\/www.supervalem.ee\\\/#organization\"},\"potentialAction\":[{\"@type\":\"SearchAction\",\"target\":{\"@type\":\"EntryPoint\",\"urlTemplate\":\"https:\\\/\\\/www.supervalem.ee\\\/?s={search_term_string}\"},\"query-input\":{\"@type\":\"PropertyValueSpecification\",\"valueRequired\":true,\"valueName\":\"search_term_string\"}}],\"inLanguage\":\"en-GB\"},{\"@type\":\"Organization\",\"@id\":\"https:\\\/\\\/www.supervalem.ee\\\/#organization\",\"name\":\"Supervalem\",\"url\":\"https:\\\/\\\/www.supervalem.ee\\\/\",\"logo\":{\"@type\":\"ImageObject\",\"inLanguage\":\"en-GB\",\"@id\":\"https:\\\/\\\/www.supervalem.ee\\\/#\\\/schema\\\/logo\\\/image\\\/\",\"url\":\"https:\\\/\\\/i0.wp.com\\\/supervalem.ee\\\/wp-content\\\/uploads\\\/2022\\\/01\\\/271388953_352891086226864_5891126610765131982_n.png?fit=1447%2C403&ssl=1\",\"contentUrl\":\"https:\\\/\\\/i0.wp.com\\\/supervalem.ee\\\/wp-content\\\/uploads\\\/2022\\\/01\\\/271388953_352891086226864_5891126610765131982_n.png?fit=1447%2C403&ssl=1\",\"width\":1447,\"height\":403,\"caption\":\"Supervalem\"},\"image\":{\"@id\":\"https:\\\/\\\/www.supervalem.ee\\\/#\\\/schema\\\/logo\\\/image\\\/\"}}]}<\/script>\n<!-- \/ Yoast SEO plugin. -->","yoast_head_json":{"title":"M\u00fc\u00fcgitingimused - Supervalem","robots":{"index":"index","follow":"follow","max-snippet":"max-snippet:-1","max-image-preview":"max-image-preview:large","max-video-preview":"max-video-preview:-1"},"canonical":"https:\/\/supervalem.ee\/en\/myygitingimused\/","og_locale":"en_GB","og_type":"article","og_title":"M\u00fc\u00fcgitingimused - Supervalem","og_description":"Veebipoe SUPERVALEM.EE (edaspidi Veebipood) omanik on Supervalem O\u00dc (registrikood 16389247), Asukohaga Pari, Padari k\u00fcla P\u00f5lva vald P\u00f5lva maakond 63609. M\u00fc\u00fcgilepingu kehtivus, kauba- ja hinnainfo M\u00fc\u00fcgitingimused kehtivad Veebipoest kaupade ostmisel.Veebipoes m\u00fc\u00fcdavate toodete hinnad on m\u00e4rgitud toodete juurde. Teave kauba kohta on esitatud Veebipoes vahetult kauba juures. Tellimuse vormistamine Kauba tellimiseks tuleb lisada soovitud tooted ostukorvi. Tellimuse [&hellip;]","og_url":"https:\/\/supervalem.ee\/en\/myygitingimused\/","og_site_name":"Supervalem","article_modified_time":"2022-01-10T07:13:29+00:00","twitter_card":"summary_large_image","twitter_misc":{"Estimated reading time":"2 minutes"},"schema":{"@context":"https:\/\/schema.org","@graph":[{"@type":"WebPage","@id":"https:\/\/supervalem.ee\/en\/myygitingimused\/","url":"https:\/\/supervalem.ee\/en\/myygitingimused\/","name":"M\u00fc\u00fcgitingimused - Supervalem","isPartOf":{"@id":"https:\/\/www.supervalem.ee\/#website"},"datePublished":"2022-01-07T11:26:36+00:00","dateModified":"2022-01-10T07:13:29+00:00","breadcrumb":{"@id":"https:\/\/supervalem.ee\/en\/myygitingimused\/#breadcrumb"},"inLanguage":"en-GB","potentialAction":[{"@type":"ReadAction","target":["https:\/\/supervalem.ee\/en\/myygitingimused\/"]}]},{"@type":"BreadcrumbList","@id":"https:\/\/supervalem.ee\/en\/myygitingimused\/#breadcrumb","itemListElement":[{"@type":"ListItem","position":1,"name":"Home","item":"https:\/\/www.supervalem.ee\/"},{"@type":"ListItem","position":2,"name":"M\u00fc\u00fcgitingimused"}]},{"@type":"WebSite","@id":"https:\/\/www.supervalem.ee\/#website","url":"https:\/\/www.supervalem.ee\/","name":"Supervalem","description":"T\u00f6\u00f6riist Balti b\u00f6rsilt parimate aktsiate leidmiseks","publisher":{"@id":"https:\/\/www.supervalem.ee\/#organization"},"potentialAction":[{"@type":"SearchAction","target":{"@type":"EntryPoint","urlTemplate":"https:\/\/www.supervalem.ee\/?s={search_term_string}"},"query-input":{"@type":"PropertyValueSpecification","valueRequired":true,"valueName":"search_term_string"}}],"inLanguage":"en-GB"},{"@type":"Organization","@id":"https:\/\/www.supervalem.ee\/#organization","name":"Supervalem","url":"https:\/\/www.supervalem.ee\/","logo":{"@type":"ImageObject","inLanguage":"en-GB","@id":"https:\/\/www.supervalem.ee\/#\/schema\/logo\/image\/","url":"https:\/\/i0.wp.com\/supervalem.ee\/wp-content\/uploads\/2022\/01\/271388953_352891086226864_5891126610765131982_n.png?fit=1447%2C403&ssl=1","contentUrl":"https:\/\/i0.wp.com\/supervalem.ee\/wp-content\/uploads\/2022\/01\/271388953_352891086226864_5891126610765131982_n.png?fit=1447%2C403&ssl=1","width":1447,"height":403,"caption":"Supervalem"},"image":{"@id":"https:\/\/www.supervalem.ee\/#\/schema\/logo\/image\/"}}]}},"jetpack_sharing_enabled":true,"_links":{"self":[{"href":"https:\/\/supervalem.ee\/en\/wp-json\/wp\/v2\/pages\/2","targetHints":{"allow":["GET"]}}],"collection":[{"href":"https:\/\/supervalem.ee\/en\/wp-json\/wp\/v2\/pages"}],"about":[{"href":"https:\/\/supervalem.ee\/en\/wp-json\/wp\/v2\/types\/page"}],"author":[{"embeddable":true,"href":"https:\/\/supervalem.ee\/en\/wp-json\/wp\/v2\/users\/1"}],"replies":[{"embeddable":true,"href":"https:\/\/supervalem.ee\/en\/wp-json\/wp\/v2\/comments?post=2"}],"version-history":[{"count":5,"href":"https:\/\/supervalem.ee\/en\/wp-json\/wp\/v2\/pages\/2\/revisions"}],"predecessor-version":[{"id":1407,"href":"https:\/\/supervalem.ee\/en\/wp-json\/wp\/v2\/pages\/2\/revisions\/1407"}],"wp:attachment":[{"href":"https:\/\/supervalem.ee\/en\/wp-json\/wp\/v2\/media?parent=2"}],"curies":[{"name":"wp","href":"https:\/\/api.w.org\/{rel}","templated":true}]}}