{"id":1063,"date":"2022-01-08T08:09:02","date_gmt":"2022-01-08T06:09:02","guid":{"rendered":"https:\/\/supervalem.ee\/?page_id=1063"},"modified":"2022-01-10T09:16:35","modified_gmt":"2022-01-10T07:16:35","slug":"taispakett","status":"publish","type":"page","link":"https:\/\/supervalem.ee\/en\/taispakett\/","title":{"rendered":"Standard"},"content":{"rendered":"<div class=\"wp-block-cover alignfull has-ast-global-color-1-background-color has-background-dim\" style=\"min-height:100px;aspect-ratio:unset;\"><div class=\"wp-block-cover__inner-container is-layout-flow wp-block-cover-is-layout-flow\">\n<h1 class=\"wp-block-heading\"><span class=\"has-inline-color has-ast-global-color-4-color\">Standard<\/span><\/h1>\n<\/div><\/div>\n\n\n<div class=\"woocommerce\">\t\t\t<div class=\"single-product\" data-product-page-preselected-id=\"0\">\n\t\t\t\t<div class=\"woocommerce-notices-wrapper\"><\/div><div id=\"product-15\" class=\"pmpro-has-access ast-article-single ast-woo-product-no-review desktop-align-left tablet-align-left mobile-align-left product type-product post-15 status-publish first instock product_cat-uncategorized has-post-thumbnail virtual purchasable product-type-simple\">\n\n\t<div class=\"woocommerce-product-gallery woocommerce-product-gallery--with-images woocommerce-product-gallery--columns-4 images\" data-columns=\"4\" style=\"opacity: 0; transition: opacity .25s ease-in-out;\">\n\t<div class=\"woocommerce-product-gallery__wrapper\">\n\t\t<div data-thumb=\"https:\/\/i0.wp.com\/supervalem.ee\/wp-content\/uploads\/2022\/01\/Liitumispakett-logo.png?resize=100%2C100&#038;ssl=1\" data-thumb-alt=\"T\u00e4ispakett\" data-thumb-srcset=\"https:\/\/i0.wp.com\/supervalem.ee\/wp-content\/uploads\/2022\/01\/Liitumispakett-logo.png?w=400&amp;ssl=1 400w, https:\/\/i0.wp.com\/supervalem.ee\/wp-content\/uploads\/2022\/01\/Liitumispakett-logo.png?resize=300%2C300&amp;ssl=1 300w, https:\/\/i0.wp.com\/supervalem.ee\/wp-content\/uploads\/2022\/01\/Liitumispakett-logo.png?resize=150%2C150&amp;ssl=1 150w, https:\/\/i0.wp.com\/supervalem.ee\/wp-content\/uploads\/2022\/01\/Liitumispakett-logo.png?resize=200%2C200&amp;ssl=1 200w, https:\/\/i0.wp.com\/supervalem.ee\/wp-content\/uploads\/2022\/01\/Liitumispakett-logo.png?resize=100%2C100&amp;ssl=1 100w\"  data-thumb-sizes=\"(max-width: 100px) 100vw, 100px\" class=\"woocommerce-product-gallery__image\"><a href=\"https:\/\/i0.wp.com\/supervalem.ee\/wp-content\/uploads\/2022\/01\/Liitumispakett-logo.png?fit=400%2C400&#038;ssl=1\"><img loading=\"lazy\" decoding=\"async\" width=\"400\" height=\"400\" src=\"https:\/\/i0.wp.com\/supervalem.ee\/wp-content\/uploads\/2022\/01\/Liitumispakett-logo.png?fit=400%2C400&amp;ssl=1\" class=\"wp-post-image\" alt=\"T\u00e4ispakett\" data-caption=\"\" data-src=\"https:\/\/i0.wp.com\/supervalem.ee\/wp-content\/uploads\/2022\/01\/Liitumispakett-logo.png?fit=400%2C400&#038;ssl=1\" data-large_image=\"https:\/\/i0.wp.com\/supervalem.ee\/wp-content\/uploads\/2022\/01\/Liitumispakett-logo.png?fit=400%2C400&#038;ssl=1\" data-large_image_width=\"400\" data-large_image_height=\"400\" srcset=\"https:\/\/i0.wp.com\/supervalem.ee\/wp-content\/uploads\/2022\/01\/Liitumispakett-logo.png?w=400&amp;ssl=1 400w, https:\/\/i0.wp.com\/supervalem.ee\/wp-content\/uploads\/2022\/01\/Liitumispakett-logo.png?resize=300%2C300&amp;ssl=1 300w, https:\/\/i0.wp.com\/supervalem.ee\/wp-content\/uploads\/2022\/01\/Liitumispakett-logo.png?resize=150%2C150&amp;ssl=1 150w, https:\/\/i0.wp.com\/supervalem.ee\/wp-content\/uploads\/2022\/01\/Liitumispakett-logo.png?resize=200%2C200&amp;ssl=1 200w, https:\/\/i0.wp.com\/supervalem.ee\/wp-content\/uploads\/2022\/01\/Liitumispakett-logo.png?resize=100%2C100&amp;ssl=1 100w\" sizes=\"auto, (max-width: 400px) 100vw, 400px\" \/><\/a><\/div>\t<\/div>\n<\/div>\n\n\t<div class=\"summary entry-summary\">\n\t\t<span class=\"single-product-category\"><a href=\"https:\/\/supervalem.ee\/en\/product-category\/uncategorized\/\" rel=\"tag\">Uncategorized<\/a><\/span><h1 class=\"product_title entry-title\">Standard<\/h1><p class=\"price\"><span class=\"woocommerce-Price-amount amount\"><bdi>10,00&nbsp;<span class=\"woocommerce-Price-currencySymbol\">&euro;<\/span><\/bdi><\/span><\/p>\n<div class=\"woocommerce-product-details__short-description\">\n\t<p>One year of supervalem.ee access<\/p>\n<\/div>\n\n\t\n\t<form class=\"cart\" action=\"\" method=\"post\" enctype='multipart\/form-data' data-trp-original-action=\"\">\n\t\t\n\t\t<div class=\"quantity\">\n\t\t<label class=\"screen-reader-text\" for=\"quantity_69ecb68f13ea5\" data-no-translation=\"\" data-trp-gettext=\"\">T\u00e4ispakett quantity<\/label>\n\t<input\n\t\ttype=\"number\"\n\t\t\t\tid=\"quantity_69ecb68f13ea5\"\n\t\tclass=\"input-text qty text\"\n\t\tname=\"quantity\"\n\t\tvalue=\"1\"\n\t\taria-label=\"Product quantity\"\n\t\t\t\tmin=\"1\"\n\t\t\t\t\t\t\tstep=\"1\"\n\t\t\tplaceholder=\"\"\n\t\t\tinputmode=\"numeric\"\n\t\t\tautocomplete=\"off\" data-no-translation-aria-label=\"\"\n\t\t\t\/>\n\t<\/div>\n\n\t\t<button type=\"submit\" name=\"add-to-cart\" value=\"15\" class=\"single_add_to_cart_button button alt\" data-no-translation=\"\" data-trp-gettext=\"\">Add to basket<\/button>\n\n\t\t\t<input type=\"hidden\" name=\"trp-form-language\" value=\"en\"\/><\/form>\n\n\t\n<div class=\"product_meta\">\n\n\t\n\t\n\t<span class=\"posted_in\">Category: <a href=\"https:\/\/supervalem.ee\/en\/product-category\/uncategorized\/\" rel=\"tag\">Uncategorized<\/a><\/span>\n\t\n\t\n<\/div>\n\t<\/div>\n\n\t\n\t<div class=\"woocommerce-tabs wc-tabs-wrapper\">\n\t\t<ul class=\"tabs wc-tabs\" role=\"tablist\">\n\t\t\t\t\t\t\t<li role=\"presentation\" class=\"description_tab\" id=\"tab-title-description\">\n\t\t\t\t\t<a href=\"#tab-description\" role=\"tab\" aria-controls=\"tab-description\">\n\t\t\t\t\t\tDescription\t\t\t\t\t<\/a>\n\t\t\t\t<\/li>\n\t\t\t\t\t\t\t<li role=\"presentation\" class=\"reviews_tab\" id=\"tab-title-reviews\">\n\t\t\t\t\t<a href=\"#tab-reviews\" role=\"tab\" aria-controls=\"tab-reviews\">\n\t\t\t\t\t\tReviews (0)\t\t\t\t\t<\/a>\n\t\t\t\t<\/li>\n\t\t\t\t\t<\/ul>\n\t\t\t\t\t<div class=\"woocommerce-Tabs-panel woocommerce-Tabs-panel--description panel entry-content wc-tab\" id=\"tab-description\" role=\"tabpanel\" aria-labelledby=\"tab-title-description\">\n\t\t\t\t\n\t<h2 data-no-translation=\"\" data-trp-gettext=\"\">Description<\/h2>\n\nThe Standard plan gives you access to the entire content of supervalem.ee for one year.\t\t\t<\/div>\n\t\t\t\t\t<div class=\"woocommerce-Tabs-panel woocommerce-Tabs-panel--reviews panel entry-content wc-tab\" id=\"tab-reviews\" role=\"tabpanel\" aria-labelledby=\"tab-title-reviews\">\n\t\t\t\t<div id=\"reviews\" class=\"woocommerce-Reviews\">\n\t<div id=\"comments\">\n\t\t<h2 class=\"woocommerce-Reviews-title\">\n\t\t\tReviews\t\t<\/h2>\n\n\t\t\t\t\t<p class=\"woocommerce-noreviews\" data-no-translation=\"\" data-trp-gettext=\"\">There are no reviews yet.<\/p>\n\t\t\t<\/div>\n\n\t\t\t<p class=\"woocommerce-verification-required\" data-no-translation=\"\" data-trp-gettext=\"\">Only logged in customers who have purchased this product may leave a review.<\/p>\n\t\n\t<div class=\"clear\"><\/div>\n<\/div>\n\t\t\t<\/div>\n\t\t\n\t\t\t<\/div>\n\n\n\t<section class=\"related products\">\n\n\t\t\t\t\t<h2 data-no-translation=\"\" data-trp-gettext=\"\">Related products<\/h2>\n\t\t\t\t<ul class=\"products columns-4\">\n\n\t\t\t\n\t\t\t\t\t<li class=\"pmpro-has-access ast-article-single ast-woo-product-no-review desktop-align-left tablet-align-left mobile-align-left product type-product post-1354 status-publish first instock product_cat-uncategorized has-post-thumbnail virtual purchasable product-type-simple\">\n\t<a href=\"https:\/\/supervalem.ee\/en\/product\/eluaegne-pakett\/\" class=\"woocommerce-LoopProduct-link woocommerce-loop-product__link\"><img loading=\"lazy\" decoding=\"async\" width=\"200\" height=\"200\" src=\"https:\/\/i0.wp.com\/supervalem.ee\/wp-content\/uploads\/2022\/01\/Liitumispakett-logo.png?resize=200%2C200&amp;ssl=1\" class=\"attachment-woocommerce_thumbnail size-woocommerce_thumbnail\" alt=\"Eluaegne pakett\" srcset=\"https:\/\/i0.wp.com\/supervalem.ee\/wp-content\/uploads\/2022\/01\/Liitumispakett-logo.png?w=400&amp;ssl=1 400w, https:\/\/i0.wp.com\/supervalem.ee\/wp-content\/uploads\/2022\/01\/Liitumispakett-logo.png?resize=300%2C300&amp;ssl=1 300w, https:\/\/i0.wp.com\/supervalem.ee\/wp-content\/uploads\/2022\/01\/Liitumispakett-logo.png?resize=150%2C150&amp;ssl=1 150w, https:\/\/i0.wp.com\/supervalem.ee\/wp-content\/uploads\/2022\/01\/Liitumispakett-logo.png?resize=200%2C200&amp;ssl=1 200w, https:\/\/i0.wp.com\/supervalem.ee\/wp-content\/uploads\/2022\/01\/Liitumispakett-logo.png?resize=100%2C100&amp;ssl=1 100w\" sizes=\"auto, (max-width: 200px) 100vw, 200px\" \/><h2 class=\"woocommerce-loop-product__title\">Lifetime<\/h2>\n\t<span class=\"price\"><span class=\"woocommerce-Price-amount amount\"><bdi>100,00&nbsp;<span class=\"woocommerce-Price-currencySymbol\">&euro;<\/span><\/bdi><\/span><\/span>\n<\/a><a href=\"\/en\/wp-json\/wp\/v2\/pages\/1063?add-to-cart=1354\" aria-describedby=\"woocommerce_loop_add_to_cart_link_describedby_1354\" data-quantity=\"1\" class=\"button product_type_simple add_to_cart_button ajax_add_to_cart\" data-product_id=\"1354\" data-product_sku=\"\" aria-label=\"Add to basket: \u201cEluaegne pakett\u201d\" rel=\"nofollow\" data-success_message=\"\u201cEluaegne pakett\u201d has been added to your basket\" data-no-translation=\"\" data-trp-gettext=\"\" data-no-translation-aria-label=\"\" data-no-translation-data-success_message=\"\">Add to basket<\/a>\t<span id=\"woocommerce_loop_add_to_cart_link_describedby_1354\" class=\"screen-reader-text\">\n\t\t\t<\/span>\n<\/li>\n\n\t\t\t\n\t\t\t\t\t<li class=\"pmpro-has-access ast-article-single ast-woo-product-no-review desktop-align-left tablet-align-left mobile-align-left product type-product post-14 status-publish instock product_cat-uncategorized has-post-thumbnail virtual purchasable product-type-simple\">\n\t<a href=\"https:\/\/supervalem.ee\/en\/product\/proovipakett\/\" class=\"woocommerce-LoopProduct-link woocommerce-loop-product__link\"><img loading=\"lazy\" decoding=\"async\" width=\"200\" height=\"200\" src=\"https:\/\/i0.wp.com\/supervalem.ee\/wp-content\/uploads\/2022\/01\/Liitumispakett-logo.png?resize=200%2C200&amp;ssl=1\" class=\"attachment-woocommerce_thumbnail size-woocommerce_thumbnail\" alt=\"Proovipakett\" srcset=\"https:\/\/i0.wp.com\/supervalem.ee\/wp-content\/uploads\/2022\/01\/Liitumispakett-logo.png?w=400&amp;ssl=1 400w, https:\/\/i0.wp.com\/supervalem.ee\/wp-content\/uploads\/2022\/01\/Liitumispakett-logo.png?resize=300%2C300&amp;ssl=1 300w, https:\/\/i0.wp.com\/supervalem.ee\/wp-content\/uploads\/2022\/01\/Liitumispakett-logo.png?resize=150%2C150&amp;ssl=1 150w, https:\/\/i0.wp.com\/supervalem.ee\/wp-content\/uploads\/2022\/01\/Liitumispakett-logo.png?resize=200%2C200&amp;ssl=1 200w, https:\/\/i0.wp.com\/supervalem.ee\/wp-content\/uploads\/2022\/01\/Liitumispakett-logo.png?resize=100%2C100&amp;ssl=1 100w\" sizes=\"auto, (max-width: 200px) 100vw, 200px\" \/><h2 class=\"woocommerce-loop-product__title\">Trial<\/h2>\n\t<span class=\"price\"><span class=\"woocommerce-Price-amount amount\"><bdi>2,00&nbsp;<span class=\"woocommerce-Price-currencySymbol\">&euro;<\/span><\/bdi><\/span><\/span>\n<\/a><a href=\"\/en\/wp-json\/wp\/v2\/pages\/1063?add-to-cart=14\" aria-describedby=\"woocommerce_loop_add_to_cart_link_describedby_14\" data-quantity=\"1\" class=\"button product_type_simple add_to_cart_button ajax_add_to_cart\" data-product_id=\"14\" data-product_sku=\"\" aria-label=\"Add to basket: \u201cProovipakett\u201d\" rel=\"nofollow\" data-success_message=\"\u201cProovipakett\u201d has been added to your basket\" data-no-translation=\"\" data-trp-gettext=\"\" data-no-translation-aria-label=\"\" data-no-translation-data-success_message=\"\">Add to basket<\/a>\t<span id=\"woocommerce_loop_add_to_cart_link_describedby_14\" class=\"screen-reader-text\">\n\t\t\t<\/span>\n<\/li>\n\n\t\t\t\n\t\t<\/ul>\n\n\t<\/section>\n\t<\/div>\n\n\t\t\t<\/div>\n\t\t\t<\/div>","protected":false},"excerpt":{"rendered":"","protected":false},"author":1,"featured_media":0,"parent":0,"menu_order":0,"comment_status":"closed","ping_status":"closed","template":"","meta":{"pmpro_default_level":"0","_monsterinsights_skip_tracking":false,"_monsterinsights_sitenote_active":false,"_monsterinsights_sitenote_note":"","_monsterinsights_sitenote_category":0,"site-sidebar-layout":"default","site-content-layout":"plain-container","ast-site-content-layout":"default","site-content-style":"default","site-sidebar-style":"default","ast-global-header-display":"","ast-banner-title-visibility":"","ast-main-header-display":"","ast-hfb-above-header-display":"","ast-hfb-below-header-display":"","ast-hfb-mobile-header-display":"","site-post-title":"disabled","ast-breadcrumbs-content":"","ast-featured-img":"","footer-sml-layout":"","ast-disable-related-posts":"","theme-transparent-header-meta":"disabled","adv-header-id-meta":"","stick-header-meta":"","header-above-stick-meta":"","header-main-stick-meta":"","header-below-stick-meta":"","astra-migrate-meta-layouts":"default","ast-page-background-enabled":"default","ast-page-background-meta":{"desktop":{"background-color":"","background-image":"","background-repeat":"repeat","background-position":"center center","background-size":"auto","background-attachment":"scroll","background-type":"","background-media":"","overlay-type":"","overlay-color":"","overlay-opacity":"","overlay-gradient":""},"tablet":{"background-color":"","background-image":"","background-repeat":"repeat","background-position":"center center","background-size":"auto","background-attachment":"scroll","background-type":"","background-media":"","overlay-type":"","overlay-color":"","overlay-opacity":"","overlay-gradient":""},"mobile":{"background-color":"","background-image":"","background-repeat":"repeat","background-position":"center center","background-size":"auto","background-attachment":"scroll","background-type":"","background-media":"","overlay-type":"","overlay-color":"","overlay-opacity":"","overlay-gradient":""}},"ast-content-background-meta":{"desktop":{"background-color":"var(--ast-global-color-5)","background-image":"","background-repeat":"repeat","background-position":"center center","background-size":"auto","background-attachment":"scroll","background-type":"","background-media":"","overlay-type":"","overlay-color":"","overlay-opacity":"","overlay-gradient":""},"tablet":{"background-color":"var(--ast-global-color-5)","background-image":"","background-repeat":"repeat","background-position":"center center","background-size":"auto","background-attachment":"scroll","background-type":"","background-media":"","overlay-type":"","overlay-color":"","overlay-opacity":"","overlay-gradient":""},"mobile":{"background-color":"var(--ast-global-color-5)","background-image":"","background-repeat":"repeat","background-position":"center center","background-size":"auto","background-attachment":"scroll","background-type":"","background-media":"","overlay-type":"","overlay-color":"","overlay-opacity":"","overlay-gradient":""}},"jetpack_post_was_ever_published":false,"footnotes":""},"class_list":["post-1063","page","type-page","status-publish","hentry","pmpro-has-access","desktop-align-left","tablet-align-left","mobile-align-left"],"yoast_head":"<!-- This site is optimized with the Yoast SEO plugin v27.4 - https:\/\/yoast.com\/product\/yoast-seo-wordpress\/ -->\n<title>T\u00e4ispakett - Supervalem<\/title>\n<meta name=\"robots\" content=\"index, follow, max-snippet:-1, max-image-preview:large, max-video-preview:-1\" \/>\n<link rel=\"canonical\" href=\"https:\/\/www.supervalem.ee\/en\/taispakett\/\" \/>\n<meta property=\"og:locale\" content=\"en_GB\" \/>\n<meta property=\"og:type\" content=\"article\" \/>\n<meta property=\"og:title\" content=\"T\u00e4ispakett - Supervalem\" \/>\n<meta property=\"og:url\" content=\"https:\/\/www.supervalem.ee\/en\/taispakett\/\" \/>\n<meta property=\"og:site_name\" content=\"Supervalem\" \/>\n<meta property=\"article:modified_time\" content=\"2022-01-10T07:16:35+00:00\" \/>\n<meta name=\"twitter:card\" content=\"summary_large_image\" \/>\n<meta name=\"twitter:label1\" content=\"Estimated reading time\" \/>\n\t<meta name=\"twitter:data1\" content=\"1 minute\" \/>\n<script type=\"application\/ld+json\" class=\"yoast-schema-graph\">{\"@context\":\"https:\\\/\\\/schema.org\",\"@graph\":[{\"@type\":\"WebPage\",\"@id\":\"https:\\\/\\\/www.supervalem.ee\\\/en\\\/taispakett\\\/\",\"url\":\"https:\\\/\\\/www.supervalem.ee\\\/en\\\/taispakett\\\/\",\"name\":\"T\u00e4ispakett - Supervalem\",\"isPartOf\":{\"@id\":\"https:\\\/\\\/supervalem.ee\\\/#website\"},\"datePublished\":\"2022-01-08T06:09:02+00:00\",\"dateModified\":\"2022-01-10T07:16:35+00:00\",\"breadcrumb\":{\"@id\":\"https:\\\/\\\/www.supervalem.ee\\\/en\\\/taispakett\\\/#breadcrumb\"},\"inLanguage\":\"en-GB\",\"potentialAction\":[{\"@type\":\"ReadAction\",\"target\":[\"https:\\\/\\\/www.supervalem.ee\\\/en\\\/taispakett\\\/\"]}]},{\"@type\":\"BreadcrumbList\",\"@id\":\"https:\\\/\\\/www.supervalem.ee\\\/en\\\/taispakett\\\/#breadcrumb\",\"itemListElement\":[{\"@type\":\"ListItem\",\"position\":1,\"name\":\"Home\",\"item\":\"https:\\\/\\\/supervalem.ee\\\/\"},{\"@type\":\"ListItem\",\"position\":2,\"name\":\"T\u00e4ispakett\"}]},{\"@type\":\"WebSite\",\"@id\":\"https:\\\/\\\/supervalem.ee\\\/#website\",\"url\":\"https:\\\/\\\/supervalem.ee\\\/\",\"name\":\"Supervalem\",\"description\":\"T\u00f6\u00f6riist Balti b\u00f6rsilt parimate aktsiate leidmiseks\",\"publisher\":{\"@id\":\"https:\\\/\\\/supervalem.ee\\\/#organization\"},\"potentialAction\":[{\"@type\":\"SearchAction\",\"target\":{\"@type\":\"EntryPoint\",\"urlTemplate\":\"https:\\\/\\\/supervalem.ee\\\/?s={search_term_string}\"},\"query-input\":{\"@type\":\"PropertyValueSpecification\",\"valueRequired\":true,\"valueName\":\"search_term_string\"}}],\"inLanguage\":\"en-GB\"},{\"@type\":\"Organization\",\"@id\":\"https:\\\/\\\/supervalem.ee\\\/#organization\",\"name\":\"Supervalem\",\"url\":\"https:\\\/\\\/supervalem.ee\\\/\",\"logo\":{\"@type\":\"ImageObject\",\"inLanguage\":\"en-GB\",\"@id\":\"https:\\\/\\\/supervalem.ee\\\/#\\\/schema\\\/logo\\\/image\\\/\",\"url\":\"https:\\\/\\\/i0.wp.com\\\/supervalem.ee\\\/wp-content\\\/uploads\\\/2022\\\/01\\\/271388953_352891086226864_5891126610765131982_n.png?fit=1447%2C403&ssl=1\",\"contentUrl\":\"https:\\\/\\\/i0.wp.com\\\/supervalem.ee\\\/wp-content\\\/uploads\\\/2022\\\/01\\\/271388953_352891086226864_5891126610765131982_n.png?fit=1447%2C403&ssl=1\",\"width\":1447,\"height\":403,\"caption\":\"Supervalem\"},\"image\":{\"@id\":\"https:\\\/\\\/supervalem.ee\\\/#\\\/schema\\\/logo\\\/image\\\/\"}}]}<\/script>\n<!-- \/ Yoast SEO plugin. -->","yoast_head_json":{"title":"T\u00e4ispakett - Supervalem","robots":{"index":"index","follow":"follow","max-snippet":"max-snippet:-1","max-image-preview":"max-image-preview:large","max-video-preview":"max-video-preview:-1"},"canonical":"https:\/\/www.supervalem.ee\/en\/taispakett\/","og_locale":"en_GB","og_type":"article","og_title":"T\u00e4ispakett - Supervalem","og_url":"https:\/\/www.supervalem.ee\/en\/taispakett\/","og_site_name":"Supervalem","article_modified_time":"2022-01-10T07:16:35+00:00","twitter_card":"summary_large_image","twitter_misc":{"Estimated reading time":"1 minute"},"schema":{"@context":"https:\/\/schema.org","@graph":[{"@type":"WebPage","@id":"https:\/\/www.supervalem.ee\/en\/taispakett\/","url":"https:\/\/www.supervalem.ee\/en\/taispakett\/","name":"T\u00e4ispakett - Supervalem","isPartOf":{"@id":"https:\/\/supervalem.ee\/#website"},"datePublished":"2022-01-08T06:09:02+00:00","dateModified":"2022-01-10T07:16:35+00:00","breadcrumb":{"@id":"https:\/\/www.supervalem.ee\/en\/taispakett\/#breadcrumb"},"inLanguage":"en-GB","potentialAction":[{"@type":"ReadAction","target":["https:\/\/www.supervalem.ee\/en\/taispakett\/"]}]},{"@type":"BreadcrumbList","@id":"https:\/\/www.supervalem.ee\/en\/taispakett\/#breadcrumb","itemListElement":[{"@type":"ListItem","position":1,"name":"Home","item":"https:\/\/supervalem.ee\/"},{"@type":"ListItem","position":2,"name":"T\u00e4ispakett"}]},{"@type":"WebSite","@id":"https:\/\/supervalem.ee\/#website","url":"https:\/\/supervalem.ee\/","name":"Supervalem","description":"T\u00f6\u00f6riist Balti b\u00f6rsilt parimate aktsiate leidmiseks","publisher":{"@id":"https:\/\/supervalem.ee\/#organization"},"potentialAction":[{"@type":"SearchAction","target":{"@type":"EntryPoint","urlTemplate":"https:\/\/supervalem.ee\/?s={search_term_string}"},"query-input":{"@type":"PropertyValueSpecification","valueRequired":true,"valueName":"search_term_string"}}],"inLanguage":"en-GB"},{"@type":"Organization","@id":"https:\/\/supervalem.ee\/#organization","name":"Supervalem","url":"https:\/\/supervalem.ee\/","logo":{"@type":"ImageObject","inLanguage":"en-GB","@id":"https:\/\/supervalem.ee\/#\/schema\/logo\/image\/","url":"https:\/\/i0.wp.com\/supervalem.ee\/wp-content\/uploads\/2022\/01\/271388953_352891086226864_5891126610765131982_n.png?fit=1447%2C403&ssl=1","contentUrl":"https:\/\/i0.wp.com\/supervalem.ee\/wp-content\/uploads\/2022\/01\/271388953_352891086226864_5891126610765131982_n.png?fit=1447%2C403&ssl=1","width":1447,"height":403,"caption":"Supervalem"},"image":{"@id":"https:\/\/supervalem.ee\/#\/schema\/logo\/image\/"}}]}},"jetpack_sharing_enabled":true,"_links":{"self":[{"href":"https:\/\/supervalem.ee\/en\/wp-json\/wp\/v2\/pages\/1063","targetHints":{"allow":["GET"]}}],"collection":[{"href":"https:\/\/supervalem.ee\/en\/wp-json\/wp\/v2\/pages"}],"about":[{"href":"https:\/\/supervalem.ee\/en\/wp-json\/wp\/v2\/types\/page"}],"author":[{"embeddable":true,"href":"https:\/\/supervalem.ee\/en\/wp-json\/wp\/v2\/users\/1"}],"replies":[{"embeddable":true,"href":"https:\/\/supervalem.ee\/en\/wp-json\/wp\/v2\/comments?post=1063"}],"version-history":[{"count":2,"href":"https:\/\/supervalem.ee\/en\/wp-json\/wp\/v2\/pages\/1063\/revisions"}],"predecessor-version":[{"id":1168,"href":"https:\/\/supervalem.ee\/en\/wp-json\/wp\/v2\/pages\/1063\/revisions\/1168"}],"wp:attachment":[{"href":"https:\/\/supervalem.ee\/en\/wp-json\/wp\/v2\/media?parent=1063"}],"curies":[{"name":"wp","href":"https:\/\/api.w.org\/{rel}","templated":true}]}}